{"id":3533,"date":"2025-05-26T15:50:43","date_gmt":"2025-05-26T12:50:43","guid":{"rendered":"https:\/\/dobroclinic.cz\/ua\/?page_id=3533"},"modified":"2025-05-26T15:55:25","modified_gmt":"2025-05-26T12:55:25","slug":"rekvizity","status":"publish","type":"page","link":"https:\/\/dobroclinic.cz\/ua\/rekvizity\/","title":{"rendered":"\u0420\u0435\u043a\u0432\u0456\u0437\u0438\u0442\u0438"},"content":{"rendered":"\n<figure class=\"wp-block-table\"><table class=\"has-fixed-layout\"><tbody><tr><td><strong>\u0412\u043b\u0430\u0441\u043d\u0438\u043a \u0440\u0430\u0445\u0443\u043d\u043a\u0443<\/strong><\/td><td>Red Clinic s.r.o. &nbsp;<\/td><\/tr><tr><td>\u0410\u0434\u0440\u0435\u0441\u0430<\/td><td>Jankovcova 788\/16, 170 00 Praha 7 &#8212; Hole\u0161ovice, \u010cesk\u00e1 republika<\/td><\/tr><tr><td>I\u010cO<\/td><td>22029389<\/td><\/tr><tr><td>E-mail<\/td><td>info@dobroclinic.cz<\/td><\/tr><tr><td>\u0422\u0435\u043b\u0435\u0444\u043e\u043d<\/td><td>+420 220 770 123<\/td><\/tr><tr><td>\u041d\u043e\u043c\u0435\u0440 \u0440\u0430\u0445\u0443\u043d\u043a\u0443<\/td><td>6690753399\/0800<\/td><\/tr><tr><td>IBAN<\/td><td>CZ17 0800 0000 0066 9075 3399<\/td><\/tr><tr><td>BIC (SWIFT)<\/td><td>GIBACZPX<\/td><\/tr><tr><td>\u0414\u0438\u0440\u0435\u043a\u0442\u043e\u0440<\/td><td>Nikolay Isakov<\/td><\/tr><tr><td>\u0422\u0435\u043b\u0435\u0444\u043e\u043d<\/td><td>+420 774 480&nbsp;199<\/td><\/tr><\/tbody><\/table><\/figure>\n","protected":false},"excerpt":{"rendered":"<p>\u0412\u043b\u0430\u0441\u043d\u0438\u043a \u0440\u0430\u0445\u0443\u043d\u043a\u0443 Red Clinic s.r.o. &nbsp; \u0410\u0434\u0440\u0435\u0441\u0430 Jankovcova 788\/16, 170 00 Praha 7 &#8212; Hole\u0161ovice, \u010cesk\u00e1 republika I\u010cO 22029389 E-mail info@dobroclinic.cz \u0422\u0435\u043b\u0435\u0444\u043e\u043d +420 220 770 123 \u041d\u043e\u043c\u0435\u0440 \u0440\u0430\u0445\u0443\u043d\u043a\u0443 6690753399\/0800 IBAN CZ17 0800 0000 0066 9075 3399 BIC (SWIFT) GIBACZPX \u0414\u0438\u0440\u0435\u043a\u0442\u043e\u0440 Nikolay Isakov \u0422\u0435\u043b\u0435\u0444\u043e\u043d +420 774 480&nbsp;199<\/p>\n","protected":false},"author":3,"featured_media":0,"parent":0,"menu_order":0,"comment_status":"closed","ping_status":"closed","template":"","meta":{"_acf_changed":false,"footnotes":""},"class_list":["post-3533","page","type-page","status-publish","hentry"],"acf":[],"yoast_head":"<!-- This site is optimized with the Yoast SEO plugin v24.4 - https:\/\/yoast.com\/wordpress\/plugins\/seo\/ -->\n<title>\u0420\u0435\u043a\u0432\u0456\u0437\u0438\u0442\u0438 - DOBRO CLINIC<\/title>\n<meta name=\"robots\" content=\"index, follow, max-snippet:-1, max-image-preview:large, max-video-preview:-1\" \/>\n<link rel=\"canonical\" href=\"https:\/\/dobroclinic.cz\/ua\/rekvizity\/\" \/>\n<meta property=\"og:locale\" content=\"ru_RU\" \/>\n<meta property=\"og:type\" content=\"article\" \/>\n<meta property=\"og:title\" content=\"\u0420\u0435\u043a\u0432\u0456\u0437\u0438\u0442\u0438 - DOBRO CLINIC\" \/>\n<meta property=\"og:description\" content=\"\u0412\u043b\u0430\u0441\u043d\u0438\u043a \u0440\u0430\u0445\u0443\u043d\u043a\u0443 Red Clinic s.r.o. &nbsp; \u0410\u0434\u0440\u0435\u0441\u0430 Jankovcova 788\/16, 170 00 Praha 7 &#8212; Hole\u0161ovice, \u010cesk\u00e1 republika I\u010cO 22029389 E-mail info@dobroclinic.cz \u0422\u0435\u043b\u0435\u0444\u043e\u043d +420 220 770 123 \u041d\u043e\u043c\u0435\u0440 \u0440\u0430\u0445\u0443\u043d\u043a\u0443 6690753399\/0800 IBAN CZ17 0800 0000 0066 9075 3399 BIC (SWIFT) GIBACZPX \u0414\u0438\u0440\u0435\u043a\u0442\u043e\u0440 Nikolay Isakov \u0422\u0435\u043b\u0435\u0444\u043e\u043d +420 774 480&nbsp;199\" \/>\n<meta property=\"og:url\" content=\"https:\/\/dobroclinic.cz\/ua\/rekvizity\/\" \/>\n<meta property=\"og:site_name\" content=\"DOBRO CLINIC\" \/>\n<meta property=\"article:modified_time\" content=\"2025-05-26T12:55:25+00:00\" \/>\n<meta name=\"twitter:card\" content=\"summary_large_image\" \/>\n<meta name=\"twitter:label1\" content=\"\u041f\u0440\u0438\u043c\u0435\u0440\u043d\u043e\u0435 \u0432\u0440\u0435\u043c\u044f \u0434\u043b\u044f \u0447\u0442\u0435\u043d\u0438\u044f\" \/>\n\t<meta name=\"twitter:data1\" content=\"1 \u043c\u0438\u043d\u0443\u0442\u0430\" \/>\n<script type=\"application\/ld+json\" class=\"yoast-schema-graph\">{\"@context\":\"https:\/\/schema.org\",\"@graph\":[{\"@type\":\"WebPage\",\"@id\":\"https:\/\/dobroclinic.cz\/ua\/rekvizity\/\",\"url\":\"https:\/\/dobroclinic.cz\/ua\/rekvizity\/\",\"name\":\"\u0420\u0435\u043a\u0432\u0456\u0437\u0438\u0442\u0438 - DOBRO CLINIC\",\"isPartOf\":{\"@id\":\"https:\/\/dobroclinic.cz\/ua\/#website\"},\"datePublished\":\"2025-05-26T12:50:43+00:00\",\"dateModified\":\"2025-05-26T12:55:25+00:00\",\"breadcrumb\":{\"@id\":\"https:\/\/dobroclinic.cz\/ua\/rekvizity\/#breadcrumb\"},\"inLanguage\":\"ru-RU\",\"potentialAction\":[{\"@type\":\"ReadAction\",\"target\":[\"https:\/\/dobroclinic.cz\/ua\/rekvizity\/\"]}]},{\"@type\":\"BreadcrumbList\",\"@id\":\"https:\/\/dobroclinic.cz\/ua\/rekvizity\/#breadcrumb\",\"itemListElement\":[{\"@type\":\"ListItem\",\"position\":1,\"name\":\"\u0413\u043b\u0430\u0432\u043d\u0430\u044f \u0441\u0442\u0440\u0430\u043d\u0438\u0446\u0430\",\"item\":\"https:\/\/dobroclinic.cz\/ua\/\"},{\"@type\":\"ListItem\",\"position\":2,\"name\":\"\u0420\u0435\u043a\u0432\u0456\u0437\u0438\u0442\u0438\"}]},{\"@type\":\"WebSite\",\"@id\":\"https:\/\/dobroclinic.cz\/ua\/#website\",\"url\":\"https:\/\/dobroclinic.cz\/ua\/\",\"name\":\"DOBRO CLINIC\",\"description\":\"\",\"potentialAction\":[{\"@type\":\"SearchAction\",\"target\":{\"@type\":\"EntryPoint\",\"urlTemplate\":\"https:\/\/dobroclinic.cz\/ua\/?s={search_term_string}\"},\"query-input\":{\"@type\":\"PropertyValueSpecification\",\"valueRequired\":true,\"valueName\":\"search_term_string\"}}],\"inLanguage\":\"ru-RU\"}]}<\/script>\n<!-- \/ Yoast SEO plugin. -->","yoast_head_json":{"title":"\u0420\u0435\u043a\u0432\u0456\u0437\u0438\u0442\u0438 - DOBRO CLINIC","robots":{"index":"index","follow":"follow","max-snippet":"max-snippet:-1","max-image-preview":"max-image-preview:large","max-video-preview":"max-video-preview:-1"},"canonical":"https:\/\/dobroclinic.cz\/ua\/rekvizity\/","og_locale":"ru_RU","og_type":"article","og_title":"\u0420\u0435\u043a\u0432\u0456\u0437\u0438\u0442\u0438 - DOBRO CLINIC","og_description":"\u0412\u043b\u0430\u0441\u043d\u0438\u043a \u0440\u0430\u0445\u0443\u043d\u043a\u0443 Red Clinic s.r.o. &nbsp; \u0410\u0434\u0440\u0435\u0441\u0430 Jankovcova 788\/16, 170 00 Praha 7 &#8212; Hole\u0161ovice, \u010cesk\u00e1 republika I\u010cO 22029389 E-mail info@dobroclinic.cz \u0422\u0435\u043b\u0435\u0444\u043e\u043d +420 220 770 123 \u041d\u043e\u043c\u0435\u0440 \u0440\u0430\u0445\u0443\u043d\u043a\u0443 6690753399\/0800 IBAN CZ17 0800 0000 0066 9075 3399 BIC (SWIFT) GIBACZPX \u0414\u0438\u0440\u0435\u043a\u0442\u043e\u0440 Nikolay Isakov \u0422\u0435\u043b\u0435\u0444\u043e\u043d +420 774 480&nbsp;199","og_url":"https:\/\/dobroclinic.cz\/ua\/rekvizity\/","og_site_name":"DOBRO CLINIC","article_modified_time":"2025-05-26T12:55:25+00:00","twitter_card":"summary_large_image","twitter_misc":{"\u041f\u0440\u0438\u043c\u0435\u0440\u043d\u043e\u0435 \u0432\u0440\u0435\u043c\u044f \u0434\u043b\u044f \u0447\u0442\u0435\u043d\u0438\u044f":"1 \u043c\u0438\u043d\u0443\u0442\u0430"},"schema":{"@context":"https:\/\/schema.org","@graph":[{"@type":"WebPage","@id":"https:\/\/dobroclinic.cz\/ua\/rekvizity\/","url":"https:\/\/dobroclinic.cz\/ua\/rekvizity\/","name":"\u0420\u0435\u043a\u0432\u0456\u0437\u0438\u0442\u0438 - DOBRO CLINIC","isPartOf":{"@id":"https:\/\/dobroclinic.cz\/ua\/#website"},"datePublished":"2025-05-26T12:50:43+00:00","dateModified":"2025-05-26T12:55:25+00:00","breadcrumb":{"@id":"https:\/\/dobroclinic.cz\/ua\/rekvizity\/#breadcrumb"},"inLanguage":"ru-RU","potentialAction":[{"@type":"ReadAction","target":["https:\/\/dobroclinic.cz\/ua\/rekvizity\/"]}]},{"@type":"BreadcrumbList","@id":"https:\/\/dobroclinic.cz\/ua\/rekvizity\/#breadcrumb","itemListElement":[{"@type":"ListItem","position":1,"name":"\u0413\u043b\u0430\u0432\u043d\u0430\u044f \u0441\u0442\u0440\u0430\u043d\u0438\u0446\u0430","item":"https:\/\/dobroclinic.cz\/ua\/"},{"@type":"ListItem","position":2,"name":"\u0420\u0435\u043a\u0432\u0456\u0437\u0438\u0442\u0438"}]},{"@type":"WebSite","@id":"https:\/\/dobroclinic.cz\/ua\/#website","url":"https:\/\/dobroclinic.cz\/ua\/","name":"DOBRO CLINIC","description":"","potentialAction":[{"@type":"SearchAction","target":{"@type":"EntryPoint","urlTemplate":"https:\/\/dobroclinic.cz\/ua\/?s={search_term_string}"},"query-input":{"@type":"PropertyValueSpecification","valueRequired":true,"valueName":"search_term_string"}}],"inLanguage":"ru-RU"}]}},"_links":{"self":[{"href":"https:\/\/dobroclinic.cz\/ua\/wp-json\/wp\/v2\/pages\/3533","targetHints":{"allow":["GET"]}}],"collection":[{"href":"https:\/\/dobroclinic.cz\/ua\/wp-json\/wp\/v2\/pages"}],"about":[{"href":"https:\/\/dobroclinic.cz\/ua\/wp-json\/wp\/v2\/types\/page"}],"author":[{"embeddable":true,"href":"https:\/\/dobroclinic.cz\/ua\/wp-json\/wp\/v2\/users\/3"}],"replies":[{"embeddable":true,"href":"https:\/\/dobroclinic.cz\/ua\/wp-json\/wp\/v2\/comments?post=3533"}],"version-history":[{"count":2,"href":"https:\/\/dobroclinic.cz\/ua\/wp-json\/wp\/v2\/pages\/3533\/revisions"}],"predecessor-version":[{"id":3536,"href":"https:\/\/dobroclinic.cz\/ua\/wp-json\/wp\/v2\/pages\/3533\/revisions\/3536"}],"wp:attachment":[{"href":"https:\/\/dobroclinic.cz\/ua\/wp-json\/wp\/v2\/media?parent=3533"}],"curies":[{"name":"wp","href":"https:\/\/api.w.org\/{rel}","templated":true}]}}